{"id":12174,"date":"2022-02-24T15:58:14","date_gmt":"2022-02-24T14:58:14","guid":{"rendered":"https:\/\/www.mr-chemie.de\/?page_id=12174"},"modified":"2022-02-28T11:31:38","modified_gmt":"2022-02-28T10:31:38","slug":"teilnahmebedingungen-gewinnspiel","status":"publish","type":"page","link":"https:\/\/www.mr-chemie.de\/en\/teilnahmebedingungen-gewinnspiel\/","title":{"rendered":"Teilnahmebedingungen"},"content":{"rendered":"\t\t<div data-elementor-type=\"wp-page\" data-elementor-id=\"12174\" class=\"elementor elementor-12174\" data-elementor-post-type=\"page\">\n\t\t\t\t\t\t<section class=\"elementor-section elementor-top-section elementor-element elementor-element-106270e elementor-section-boxed elementor-section-height-default elementor-section-height-default\" data-id=\"106270e\" data-element_type=\"section\" data-e-type=\"section\">\n\t\t\t\t\t\t<div class=\"elementor-container elementor-column-gap-default\">\n\t\t\t\t\t<div class=\"elementor-column elementor-col-100 elementor-top-column elementor-element elementor-element-a75ab78\" data-id=\"a75ab78\" data-element_type=\"column\" data-e-type=\"column\">\n\t\t\t<div class=\"elementor-widget-wrap elementor-element-populated\">\n\t\t\t\t\t\t<div class=\"elementor-element elementor-element-97335e4 elementor-widget elementor-widget-heading\" data-id=\"97335e4\" data-element_type=\"widget\" data-e-type=\"widget\" data-widget_type=\"heading.default\">\n\t\t\t\t<div class=\"elementor-widget-container\">\n\t\t\t\t\t<h1 class=\"elementor-heading-title elementor-size-default\">Teilnahmebedingungen<\/h1>\t\t\t\t<\/div>\n\t\t\t\t<\/div>\n\t\t\t\t<div class=\"elementor-element elementor-element-e95811b elementor-widget elementor-widget-text-editor\" data-id=\"e95811b\" data-element_type=\"widget\" data-e-type=\"widget\" data-widget_type=\"text-editor.default\">\n\t\t\t\t<div class=\"elementor-widget-container\">\n\t\t\t\t\t\t\t\t\t<div>\n<p>TEILNAHMEBEDINGUNGEN F\u00dcR DAS GEWINNSPIEL &#8220;HANDBALLTICKETS&#8221; AUF DEN SOCIAL MEDIA PR\u00c4SENZEN VON MR CHEMIE GMBH (REFLECON)<\/p>\n<p>Die MR Chemie GmbH (im Folgenden \u201cMR Chemie\u201d genannt) f\u00fchrt eine Verlosung auf ihren Social Media Profilen durch. Diese setzen sich folgenderma\u00dfen zusammen:<\/p>\n<p>Facebook:&nbsp;https:\/\/www.facebook.com\/reflecon.scanningspray (Reflecon)<br>Instagram:&nbsp;https:\/\/www.instagram.com\/reflecon_3dscanningspray (Reflecon)<\/p>\n<p>Die Durchf\u00fchrung der Verlosung erfolgt auf Basis der nachfolgenden Teilnahmebedingungen. F\u00fcr die Organisation, Abwicklung sowie Preisbereitstellung bzw. Gewinnaussch\u00fcttung ist MR Chemie zust\u00e4ndig und verantwortlich. Dieses Gewinnspiel steht in keiner Verbindung zu Facebook.<br><\/p>\n<p>Teilnahmeberechtigt sind nur Personen ab 18 Jahren, wohnhaft in Deutschland. Teilnehmer unter 18 Jahren k\u00f6nnen von dem Gewinnspiel auch nach Ziehung ausgeschlossen werden. Die Teilnahme ist kostenlos und unabh\u00e4ngig von dem Erwerb von Waren oder Dienstleistungen. Mit der Teilnahme an der Aktion akzeptiert die Benutzerin bzw. der Benutzer diese Teilnahmebedingungen.<\/p>\n<p>Der Aktionszeitraum geht vom 01.03.2022, 08.00 Uhr MEZ bis 08.03.2022, 23.59 Uhr MEZ.<\/p>\n<p>F\u00fcr die Teilnahme am Gewinnspiel muss man Fan der Instagram-Seite und\/oder Facebook-Seite sein\/werden und den Gewinnspielbeitrag&nbsp; kommentieren. Eine Jury ermittelt nach Ablaufen des Gewinnspiel-Zeitraumes die Gewinner.<\/p>\n<p>In der Aktion wird der auf der Seite beschriebene Preis verlost. MR Chemie kann f\u00fcr jegliche technische St\u00f6rungen, insbesondere Ausf\u00e4lle des Telefonnetzes, des Netzwerks, der Elektronik oder der Computer nicht verantwortlich gemacht werden. Die Gewinnerin bzw. der Gewinner des Preises wird innerhalb von 3 Tagen \u00fcber die Seite benachrichtigt. Eine Barauszahlung, Auszahlung in Sachwerten oder Tausch der Gewinne ist nicht m\u00f6glich. Die Preise sind nicht \u00fcbertragbar. Die Gewinnerin bzw. der Gewinner akzeptiert notwendige \u00c4nderungen des Gewinns, die durch andere au\u00dferhalb des Einflussbereichs der an der Aktion beteiligten Firmen liegenden Faktoren bedingt sind. Die Entscheidungen von MR Chemie sind endg\u00fcltig. Diesbez\u00fcgliche Anfragen k\u00f6nnen nicht beantwortet werden. MR Chemie beh\u00e4lt sich das Recht vor, die Aktion ganz oder zeitweise auszusetzen, wenn irgendwelche Schwierigkeiten auftreten, die die Integrit\u00e4t des Gewinnspiels gef\u00e4hrden. MR Chemie beh\u00e4lt sich ferner das Recht vor, diese Teilnahmebedingungen auch unangek\u00fcndigt zu \u00e4ndern. Jegliche Schadenersatz-Verpflichtung von MR Chemie und ihrer Organe, Angestellten und Erf\u00fcllungsgehilfen aus oder im Zusammenhang mit dem Gewinnspiel, gleich aus welchem Rechtsgrund ist, soweit gesetzlich zul\u00e4ssig, auf F\u00e4lle von Vorsatz oder grober Fahrl\u00e4ssigkeit beschr\u00e4nkt. Die von den Teilnehmern im Rahmen des Gewinnspiels angegebenen personenbezogenen Daten werden von MR Chemie ausschlie\u00dflich zum Zwecke der Durchf\u00fchrung und Abwicklung der Aktion erhoben, gespeichert, genutzt sowie \u2013 etwa zum Zwecke der Gewinnzustellung \u2013 an Dritte weitergegeben. Eine weitergehende Verwendung findet nicht statt. Verantwortliche Stelle im Sinne der geltenden Datenschutzgesetze ist die MR Chemie GmbH, Nordstra\u00dfe 61-63, 59427 Unna.<\/p>\n<p>Der Rechtsweg ist ausgeschlossen.9<\/p>\n<\/div>\t\t\t\t\t\t\t\t<\/div>\n\t\t\t\t<\/div>\n\t\t\t\t\t<\/div>\n\t\t<\/div>\n\t\t\t\t\t<\/div>\n\t\t<\/section>\n\t\t\t\t<\/div>\n\t\t","protected":false},"excerpt":{"rendered":"<p>Teilnahmebedingungen TEILNAHMEBEDINGUNGEN F\u00dcR DAS GEWINNSPIEL &#8220;HANDBALLTICKETS&#8221; AUF DEN SOCIAL MEDIA PR\u00c4SENZEN VON MR CHEMIE GMBH (REFLECON) Die MR Chemie GmbH (im Folgenden \u201cMR Chemie\u201d genannt) f\u00fchrt eine Verlosung auf ihren Social Media Profilen durch. Diese setzen sich folgenderma\u00dfen zusammen: Facebook:&nbsp;https:\/\/www.facebook.com\/reflecon.scanningspray (Reflecon)Instagram:&nbsp;https:\/\/www.instagram.com\/reflecon_3dscanningspray (Reflecon) Die Durchf\u00fchrung der Verlosung erfolgt auf Basis der nachfolgenden Teilnahmebedingungen. F\u00fcr die Organisation, [&hellip;]<\/p>\n","protected":false},"author":16,"featured_media":0,"parent":0,"menu_order":0,"comment_status":"closed","ping_status":"closed","template":"","meta":{"_acf_changed":false,"footnotes":""},"class_list":["post-12174","page","type-page","status-publish","hentry"],"acf":[],"yoast_head":"<!-- This site is optimized with the Yoast SEO plugin v27.4 - https:\/\/yoast.com\/product\/yoast-seo-wordpress\/ -->\n<title>Teilnahmebedingungen - MR Chemie<\/title>\n<meta name=\"robots\" content=\"index, follow, max-snippet:-1, max-image-preview:large, max-video-preview:-1\" \/>\n<link rel=\"canonical\" href=\"https:\/\/www.mr-chemie.de\/en\/teilnahmebedingungen-gewinnspiel\/\" \/>\n<meta property=\"og:locale\" content=\"en_US\" \/>\n<meta property=\"og:type\" content=\"article\" \/>\n<meta property=\"og:title\" content=\"Teilnahmebedingungen - MR Chemie\" \/>\n<meta property=\"og:description\" content=\"Teilnahmebedingungen TEILNAHMEBEDINGUNGEN F\u00dcR DAS GEWINNSPIEL &#8220;HANDBALLTICKETS&#8221; AUF DEN SOCIAL MEDIA PR\u00c4SENZEN VON MR CHEMIE GMBH (REFLECON) Die MR Chemie GmbH (im Folgenden \u201cMR Chemie\u201d genannt) f\u00fchrt eine Verlosung auf ihren Social Media Profilen durch. Diese setzen sich folgenderma\u00dfen zusammen: Facebook:&nbsp;https:\/\/www.facebook.com\/reflecon.scanningspray (Reflecon)Instagram:&nbsp;https:\/\/www.instagram.com\/reflecon_3dscanningspray (Reflecon) Die Durchf\u00fchrung der Verlosung erfolgt auf Basis der nachfolgenden Teilnahmebedingungen. F\u00fcr die Organisation, [&hellip;]\" \/>\n<meta property=\"og:url\" content=\"https:\/\/www.mr-chemie.de\/en\/teilnahmebedingungen-gewinnspiel\/\" \/>\n<meta property=\"og:site_name\" content=\"MR Chemie\" \/>\n<meta property=\"article:modified_time\" content=\"2022-02-28T10:31:38+00:00\" \/>\n<meta name=\"twitter:card\" content=\"summary_large_image\" \/>\n<meta name=\"twitter:label1\" content=\"Est. reading time\" \/>\n\t<meta name=\"twitter:data1\" content=\"3 minutes\" \/>\n<script type=\"application\/ld+json\" class=\"yoast-schema-graph\">{\"@context\":\"https:\\\/\\\/schema.org\",\"@graph\":[{\"@type\":\"WebPage\",\"@id\":\"https:\\\/\\\/www.mr-chemie.de\\\/en\\\/teilnahmebedingungen-gewinnspiel\\\/\",\"url\":\"https:\\\/\\\/www.mr-chemie.de\\\/en\\\/teilnahmebedingungen-gewinnspiel\\\/\",\"name\":\"Teilnahmebedingungen - MR Chemie\",\"isPartOf\":{\"@id\":\"https:\\\/\\\/www.mr-chemie.de\\\/en\\\/#website\"},\"datePublished\":\"2022-02-24T14:58:14+00:00\",\"dateModified\":\"2022-02-28T10:31:38+00:00\",\"breadcrumb\":{\"@id\":\"https:\\\/\\\/www.mr-chemie.de\\\/en\\\/teilnahmebedingungen-gewinnspiel\\\/#breadcrumb\"},\"inLanguage\":\"en-US\",\"potentialAction\":[{\"@type\":\"ReadAction\",\"target\":[\"https:\\\/\\\/www.mr-chemie.de\\\/en\\\/teilnahmebedingungen-gewinnspiel\\\/\"]}]},{\"@type\":\"BreadcrumbList\",\"@id\":\"https:\\\/\\\/www.mr-chemie.de\\\/en\\\/teilnahmebedingungen-gewinnspiel\\\/#breadcrumb\",\"itemListElement\":[{\"@type\":\"ListItem\",\"position\":1,\"name\":\"Home\",\"item\":\"https:\\\/\\\/www.mr-chemie.de\\\/en\\\/\"},{\"@type\":\"ListItem\",\"position\":2,\"name\":\"Teilnahmebedingungen\"}]},{\"@type\":\"WebSite\",\"@id\":\"https:\\\/\\\/www.mr-chemie.de\\\/en\\\/#website\",\"url\":\"https:\\\/\\\/www.mr-chemie.de\\\/en\\\/\",\"name\":\"MR Chemie\",\"description\":\"Zerst\u00f6rungsfreie Werkstoffpr\u00fcfung &amp; 3D Scanningspray\",\"publisher\":{\"@id\":\"https:\\\/\\\/www.mr-chemie.de\\\/en\\\/#organization\"},\"potentialAction\":[{\"@type\":\"SearchAction\",\"target\":{\"@type\":\"EntryPoint\",\"urlTemplate\":\"https:\\\/\\\/www.mr-chemie.de\\\/en\\\/?s={search_term_string}\"},\"query-input\":{\"@type\":\"PropertyValueSpecification\",\"valueRequired\":true,\"valueName\":\"search_term_string\"}}],\"inLanguage\":\"en-US\"},{\"@type\":\"Organization\",\"@id\":\"https:\\\/\\\/www.mr-chemie.de\\\/en\\\/#organization\",\"name\":\"MR Chemie\",\"url\":\"https:\\\/\\\/www.mr-chemie.de\\\/en\\\/\",\"logo\":{\"@type\":\"ImageObject\",\"inLanguage\":\"en-US\",\"@id\":\"https:\\\/\\\/www.mr-chemie.de\\\/en\\\/#\\\/schema\\\/logo\\\/image\\\/\",\"url\":\"https:\\\/\\\/www.mr-chemie.de\\\/wp-content\\\/uploads\\\/2020\\\/10\\\/MR_Chemie_GmbH-Unternehmenslogo.jpg\",\"contentUrl\":\"https:\\\/\\\/www.mr-chemie.de\\\/wp-content\\\/uploads\\\/2020\\\/10\\\/MR_Chemie_GmbH-Unternehmenslogo.jpg\",\"width\":500,\"height\":125,\"caption\":\"MR Chemie\"},\"image\":{\"@id\":\"https:\\\/\\\/www.mr-chemie.de\\\/en\\\/#\\\/schema\\\/logo\\\/image\\\/\"}}]}<\/script>\n<!-- \/ Yoast SEO plugin. -->","yoast_head_json":{"title":"Teilnahmebedingungen - MR Chemie","robots":{"index":"index","follow":"follow","max-snippet":"max-snippet:-1","max-image-preview":"max-image-preview:large","max-video-preview":"max-video-preview:-1"},"canonical":"https:\/\/www.mr-chemie.de\/en\/teilnahmebedingungen-gewinnspiel\/","og_locale":"en_US","og_type":"article","og_title":"Teilnahmebedingungen - MR Chemie","og_description":"Teilnahmebedingungen TEILNAHMEBEDINGUNGEN F\u00dcR DAS GEWINNSPIEL &#8220;HANDBALLTICKETS&#8221; AUF DEN SOCIAL MEDIA PR\u00c4SENZEN VON MR CHEMIE GMBH (REFLECON) Die MR Chemie GmbH (im Folgenden \u201cMR Chemie\u201d genannt) f\u00fchrt eine Verlosung auf ihren Social Media Profilen durch. Diese setzen sich folgenderma\u00dfen zusammen: Facebook:&nbsp;https:\/\/www.facebook.com\/reflecon.scanningspray (Reflecon)Instagram:&nbsp;https:\/\/www.instagram.com\/reflecon_3dscanningspray (Reflecon) Die Durchf\u00fchrung der Verlosung erfolgt auf Basis der nachfolgenden Teilnahmebedingungen. F\u00fcr die Organisation, [&hellip;]","og_url":"https:\/\/www.mr-chemie.de\/en\/teilnahmebedingungen-gewinnspiel\/","og_site_name":"MR Chemie","article_modified_time":"2022-02-28T10:31:38+00:00","twitter_card":"summary_large_image","twitter_misc":{"Est. reading time":"3 minutes"},"schema":{"@context":"https:\/\/schema.org","@graph":[{"@type":"WebPage","@id":"https:\/\/www.mr-chemie.de\/en\/teilnahmebedingungen-gewinnspiel\/","url":"https:\/\/www.mr-chemie.de\/en\/teilnahmebedingungen-gewinnspiel\/","name":"Teilnahmebedingungen - MR Chemie","isPartOf":{"@id":"https:\/\/www.mr-chemie.de\/en\/#website"},"datePublished":"2022-02-24T14:58:14+00:00","dateModified":"2022-02-28T10:31:38+00:00","breadcrumb":{"@id":"https:\/\/www.mr-chemie.de\/en\/teilnahmebedingungen-gewinnspiel\/#breadcrumb"},"inLanguage":"en-US","potentialAction":[{"@type":"ReadAction","target":["https:\/\/www.mr-chemie.de\/en\/teilnahmebedingungen-gewinnspiel\/"]}]},{"@type":"BreadcrumbList","@id":"https:\/\/www.mr-chemie.de\/en\/teilnahmebedingungen-gewinnspiel\/#breadcrumb","itemListElement":[{"@type":"ListItem","position":1,"name":"Home","item":"https:\/\/www.mr-chemie.de\/en\/"},{"@type":"ListItem","position":2,"name":"Teilnahmebedingungen"}]},{"@type":"WebSite","@id":"https:\/\/www.mr-chemie.de\/en\/#website","url":"https:\/\/www.mr-chemie.de\/en\/","name":"MR Chemie","description":"Zerst\u00f6rungsfreie Werkstoffpr\u00fcfung &amp; 3D Scanningspray","publisher":{"@id":"https:\/\/www.mr-chemie.de\/en\/#organization"},"potentialAction":[{"@type":"SearchAction","target":{"@type":"EntryPoint","urlTemplate":"https:\/\/www.mr-chemie.de\/en\/?s={search_term_string}"},"query-input":{"@type":"PropertyValueSpecification","valueRequired":true,"valueName":"search_term_string"}}],"inLanguage":"en-US"},{"@type":"Organization","@id":"https:\/\/www.mr-chemie.de\/en\/#organization","name":"MR Chemie","url":"https:\/\/www.mr-chemie.de\/en\/","logo":{"@type":"ImageObject","inLanguage":"en-US","@id":"https:\/\/www.mr-chemie.de\/en\/#\/schema\/logo\/image\/","url":"https:\/\/www.mr-chemie.de\/wp-content\/uploads\/2020\/10\/MR_Chemie_GmbH-Unternehmenslogo.jpg","contentUrl":"https:\/\/www.mr-chemie.de\/wp-content\/uploads\/2020\/10\/MR_Chemie_GmbH-Unternehmenslogo.jpg","width":500,"height":125,"caption":"MR Chemie"},"image":{"@id":"https:\/\/www.mr-chemie.de\/en\/#\/schema\/logo\/image\/"}}]}},"_links":{"self":[{"href":"https:\/\/www.mr-chemie.de\/en\/wp-json\/wp\/v2\/pages\/12174","targetHints":{"allow":["GET"]}}],"collection":[{"href":"https:\/\/www.mr-chemie.de\/en\/wp-json\/wp\/v2\/pages"}],"about":[{"href":"https:\/\/www.mr-chemie.de\/en\/wp-json\/wp\/v2\/types\/page"}],"author":[{"embeddable":true,"href":"https:\/\/www.mr-chemie.de\/en\/wp-json\/wp\/v2\/users\/16"}],"replies":[{"embeddable":true,"href":"https:\/\/www.mr-chemie.de\/en\/wp-json\/wp\/v2\/comments?post=12174"}],"version-history":[{"count":0,"href":"https:\/\/www.mr-chemie.de\/en\/wp-json\/wp\/v2\/pages\/12174\/revisions"}],"wp:attachment":[{"href":"https:\/\/www.mr-chemie.de\/en\/wp-json\/wp\/v2\/media?parent=12174"}],"curies":[{"name":"wp","href":"https:\/\/api.w.org\/{rel}","templated":true}]}}